{"id":11,"date":"2013-11-10T23:04:20","date_gmt":"2013-11-10T23:04:20","guid":{"rendered":"http:\/\/escoteiroscascais.pt\/?page_id=11"},"modified":"2014-04-14T13:13:07","modified_gmt":"2014-04-14T13:13:07","slug":"escoteiros-de-portugal","status":"publish","type":"page","link":"https:\/\/escoteiroscascais.pt\/?page_id=11","title":{"rendered":"Escoteiros de Portugal"},"content":{"rendered":"<h3>A Associa\u00e7\u00e3o<\/h3>\n<p style=\"text-align: justify;\">A Associa\u00e7\u00e3o dos Escoteiros de Portugal (AEP), \u00e9 a primeira institui\u00e7\u00e3o escotista portuguesa, fundada em 1913.<\/p>\n<p style=\"text-align: justify;\">Representa, em Portugal, o escotismo interconfessional e plural.<\/p>\n<p style=\"text-align: justify;\">Desde 1979 \u00e9 uma institui\u00e7\u00e3o coeducativa destinada a rapazes e raparigas dos 7 aos 21 anos.<br \/>\n<a href=\"http:\/\/escoteiroscascais.pt\/wp-content\/uploads\/2014\/02\/AEP.png\"><img loading=\"lazy\" class=\"aligncenter size-full wp-image-371\" alt=\"AEP\" src=\"http:\/\/escoteiroscascais.pt\/wp-content\/uploads\/2014\/02\/AEP.png\" width=\"1053\" height=\"300\" srcset=\"https:\/\/escoteiroscascais.pt\/wp-content\/uploads\/2014\/02\/AEP.png 1053w, https:\/\/escoteiroscascais.pt\/wp-content\/uploads\/2014\/02\/AEP-300x85.png 300w, https:\/\/escoteiroscascais.pt\/wp-content\/uploads\/2014\/02\/AEP-1024x291.png 1024w\" sizes=\"(max-width: 1053px) 100vw, 1053px\" \/><\/a><\/p>\n<p>A AEP promove a pr\u00e1tica do Escotismo e desenvolve ac\u00e7\u00f5es de:<\/p>\n<ul>\n<li>Promo\u00e7\u00e3o e realiza\u00e7\u00e3o de actividades ao ar livre e em contacto com a natureza;<\/li>\n<li>Protec\u00e7\u00e3o e educa\u00e7\u00e3o ambiental;<\/li>\n<li>Interven\u00e7\u00e3o social;<\/li>\n<li>Coopera\u00e7\u00e3o para o desenvolvimento;<\/li>\n<li>Promo\u00e7\u00e3o do voluntariado social;<\/li>\n<li>Educa\u00e7\u00e3o para a sa\u00fade;<\/li>\n<li>Promo\u00e7\u00e3o e educa\u00e7\u00e3o para a paz;<\/li>\n<li>Promo\u00e7\u00e3o da cultura;<\/li>\n<li>Promo\u00e7\u00e3o do desporto;<\/li>\n<li>Forma\u00e7\u00e3o dos seus recursos adultos volunt\u00e1rios.<\/li>\n<\/ul>\n<div>\n<p style=\"text-align: justify;\">Na AEP, por forma a que cada membro possa desenvolver e participar em actividades e projectos aliciantes para a sua idade, os jovens agrupam-se por divis\u00f5es et\u00e1rias. Os desafios do programa escotista e a participa\u00e7\u00e3o na tomada de decis\u00f5es s\u00e3o progressivos e aumentam em cada divis\u00e3o et\u00e1ria.<br \/>\n<a href=\"http:\/\/escoteiroscascais.pt\/wp-content\/uploads\/2014\/02\/AEP_hist.jpg\"><img loading=\"lazy\" class=\"aligncenter size-full wp-image-338\" alt=\"AEP_hist\" src=\"http:\/\/escoteiroscascais.pt\/wp-content\/uploads\/2014\/02\/AEP_hist.jpg\" width=\"600\" height=\"450\" srcset=\"https:\/\/escoteiroscascais.pt\/wp-content\/uploads\/2014\/02\/AEP_hist.jpg 600w, https:\/\/escoteiroscascais.pt\/wp-content\/uploads\/2014\/02\/AEP_hist-300x225.jpg 300w\" sizes=\"(max-width: 600px) 100vw, 600px\" \/><\/a><\/p>\n<p>A AEP tem actualmente as seguintes divis\u00f5es et\u00e1rias:<\/p>\n<p>Alcateia: dos 7 aos 10 anos<\/p>\n<p>Tribo de Escoteiros: dos 11 aos 13 anos<\/p>\n<p>Tribo de Exploradores: dos 13 aos 17 anos<\/p>\n<p>Cl\u00e3: dos 17 aos 21 anos<\/p>\n<p style=\"text-align: justify;\">Qualquer jovem, rapaz ou rapariga, pode ingressar no Movimento Escotista directamente na Divis\u00e3o correspondente \u00e0 sua idade sem ter participado nas Divis\u00f5es anteriores.<\/p>\n<h3>Liberdade Religiosa<\/h3>\n<p style=\"text-align: justify;\">Os Escoteiros de Portugal s\u00e3o os \u00fanicos representantes no nosso pa\u00eds, do escotismo interconfessional e plural, tal como foi concebido pelo fundador do Movimento.<\/p>\n<p style=\"text-align: justify;\">Na Associa\u00e7\u00e3o dos Escoteiros de Portugal coexistem muitas orienta\u00e7\u00f5es religiosas, muito embora a maioria dos seus membros professe a religi\u00e3o Cat\u00f3lica.<\/p>\n<p style=\"text-align: justify;\">Desde a funda\u00e7\u00e3o que o princ\u00edpio da liberdade religiosa tem sido respeitado e assegurado, assumindo-nos claramente como uma Associa\u00e7\u00e3o interconfessional, atrav\u00e9s da consagra\u00e7\u00e3o dessa caracter\u00edstica nos estatutos e pela total independ\u00eancia relativamente a estruturas religiosas.<\/p>\n<p style=\"text-align: justify;\">Defendemos a pluralidade e promovemos a coopera\u00e7\u00e3o e o respeito inter-religioso, bem como a ades\u00e3o volunt\u00e1ria a princ\u00edpios espirituais.<\/p>\n<h3>Um Pouco de Hist\u00f3ria<\/h3>\n<p>&nbsp;<\/p>\n<p style=\"text-align: justify;\">Em 1911, o Tenente \u00c1lvaro Machado fundou em Macau o primeiro Grupo de Escoteiros em terras portuguesas. No ano seguinte, Lisboa viu tamb\u00e9m surgir o primeiro Grupo do continente portugu\u00eas.<br \/>\n<a href=\"http:\/\/escoteiroscascais.pt\/wp-content\/uploads\/2014\/02\/Antigas.png\"><img loading=\"lazy\" class=\"aligncenter size-full wp-image-369\" alt=\"Antigas\" src=\"http:\/\/escoteiroscascais.pt\/wp-content\/uploads\/2014\/02\/Antigas.png\" width=\"1053\" height=\"300\" srcset=\"https:\/\/escoteiroscascais.pt\/wp-content\/uploads\/2014\/02\/Antigas.png 1053w, https:\/\/escoteiroscascais.pt\/wp-content\/uploads\/2014\/02\/Antigas-300x85.png 300w, https:\/\/escoteiroscascais.pt\/wp-content\/uploads\/2014\/02\/Antigas-1024x291.png 1024w\" sizes=\"(max-width: 1053px) 100vw, 1053px\" \/><\/a><\/p>\n<p style=\"text-align: justify;\">Os tr\u00eas primeiros Grupos de Lisboa fundaram, em 6 de Setembro de 1913, a Associa\u00e7\u00e3o dos Escoteiros de Portugal (AEP).<\/p>\n<p style=\"text-align: justify;\">Desde a sua funda\u00e7\u00e3o, alheia a credos religiosos e partidarismos pol\u00edticos, a AEP conseguiu a admira\u00e7\u00e3o e o respeito dos portugueses e dos primeiros governos da Rep\u00fablica.<\/p>\n<p style=\"text-align: justify;\">Com a presen\u00e7a de v\u00e1rios escoteiros no 1\u00ba Jamboree Mundial, realizado no ano de 1920, em Londres, a AEP inicia as suas representa\u00e7\u00f5es oficiais e participa em muitos eventos internacionais do Escotismo, tendo tido a grata miss\u00e3o de receber Baden-Powell, o fundador do Escotismo, aquando das suas visitas a Portugal em 1929 e 1934.<\/p>\n<p style=\"text-align: justify;\">A partir de 1936 e at\u00e9 ao 25 de Abril de 1974, a AEP sobreviveu com grandes dificuldades, sendo considerada indesej\u00e1vel pelo governo e alvo de persegui\u00e7\u00f5es e press\u00f5es. Pretendia-se com a extin\u00e7\u00e3o da AEP o refor\u00e7o da Mocidade Portuguesa, movimento obrigat\u00f3rio e que nada tinha a ver com o m\u00e9todo, os princ\u00edpios e as finalidades do Escotismo.<\/p>\n<p style=\"text-align: justify;\">Actualmente, a AEP conta com mais de 10.000 jovens em cerca de 150 Grupos locais espalhados por todo o Continente e Regi\u00f5es aut\u00f3nomas.<\/p>\n<p style=\"text-align: justify;\">Ao celebrar o seu Centen\u00e1rio, a AEP continua a honrar e a orgulhar-se do lema proposto pelos seus fundadores: &#8220;Servir a Juventude&#8221;.<\/p>\n<ul>\n<li>Reconhecida como Benem\u00e9rita (1917)<\/li>\n<li>Membro fundador da Organiza\u00e7\u00e3o Mundial do Movimento Escotista (1922)<\/li>\n<li>Recebeu a Cruz Vermelha de M\u00e9rito (1924)<\/li>\n<li>Recebeu a Ordem de Benemer\u00eancia (1931)<\/li>\n<li>Recebeu a Medalha do Instituto de Socorros a N\u00e1ufragos (1974)<\/li>\n<li>Reconhecida de Utilidade P\u00fablica (1980)<\/li>\n<li>Ordem de M\u00e9rito de Instru\u00e7\u00e3o P\u00fablica (2013)<\/li>\n<\/ul>\n<p>&nbsp;<\/p>\n<p><a href=\"http:\/\/escoteiros.pt\/new_site\/artigo-historia-9-0-1\">Mais informa\u00e7\u00f5es sobre Escoteiros de Portugal<br \/>\n<\/a><\/p>\n<\/div>\n","protected":false},"excerpt":{"rendered":"<p>A Associa\u00e7\u00e3o A Associa\u00e7\u00e3o dos Escoteiros de Portugal (AEP), \u00e9 a primeira institui\u00e7\u00e3o escotista portuguesa, fundada em 1913. Representa, em Portugal, o escotismo interconfessional e plural. Desde 1979 \u00e9 uma institui\u00e7\u00e3o coeducativa destinada a rapazes e raparigas dos 7 aos 21 anos. A AEP promove a pr\u00e1tica do Escotismo e desenvolve ac\u00e7\u00f5es de: Promo\u00e7\u00e3o e realiza\u00e7\u00e3o de actividades ao ar<\/p>\n","protected":false},"author":1,"featured_media":0,"parent":0,"menu_order":0,"comment_status":"closed","ping_status":"open","template":"template-fullwidth.php","meta":[],"_links":{"self":[{"href":"https:\/\/escoteiroscascais.pt\/index.php?rest_route=\/wp\/v2\/pages\/11"}],"collection":[{"href":"https:\/\/escoteiroscascais.pt\/index.php?rest_route=\/wp\/v2\/pages"}],"about":[{"href":"https:\/\/escoteiroscascais.pt\/index.php?rest_route=\/wp\/v2\/types\/page"}],"author":[{"embeddable":true,"href":"https:\/\/escoteiroscascais.pt\/index.php?rest_route=\/wp\/v2\/users\/1"}],"replies":[{"embeddable":true,"href":"https:\/\/escoteiroscascais.pt\/index.php?rest_route=%2Fwp%2Fv2%2Fcomments&post=11"}],"version-history":[{"count":9,"href":"https:\/\/escoteiroscascais.pt\/index.php?rest_route=\/wp\/v2\/pages\/11\/revisions"}],"predecessor-version":[{"id":580,"href":"https:\/\/escoteiroscascais.pt\/index.php?rest_route=\/wp\/v2\/pages\/11\/revisions\/580"}],"wp:attachment":[{"href":"https:\/\/escoteiroscascais.pt\/index.php?rest_route=%2Fwp%2Fv2%2Fmedia&parent=11"}],"curies":[{"name":"wp","href":"https:\/\/api.w.org\/{rel}","templated":true}]}}