{"id":13,"date":"2013-11-10T23:07:18","date_gmt":"2013-11-10T23:07:18","guid":{"rendered":"http:\/\/escoteiroscascais.pt\/?page_id=13"},"modified":"2014-04-14T13:14:55","modified_gmt":"2014-04-14T13:14:55","slug":"o-grupo-107","status":"publish","type":"page","link":"https:\/\/escoteiroscascais.pt\/?page_id=13","title":{"rendered":"O grupo 107"},"content":{"rendered":"<p style=\"text-align: justify;\">A origem do Grupo 107 Cascais da Associa\u00e7\u00e3o de Escoteiros de Portugal (AEP) \u00e9 anterior \u00e0 data da funda\u00e7\u00e3o, em 26 de Fevereiro de 1984, e remonta a finais de 1980, quando um conjunto de jovens, com alguma experi\u00eancia escotista, se re\u00fane em torno do projecto de cria\u00e7\u00e3o do primeiro grupo de escoteiros na vila de Cascais.<\/p>\n<p style=\"text-align: justify;\">Numa primeira reuni\u00e3o no Jardim da Parada, os jovens decidem-se a juntar as condi\u00e7\u00f5es necess\u00e1rias \u00e0 constitui\u00e7\u00e3o de um Grupo. J\u00e1 com o n\u00famero m\u00ednimo de elementos, faltava-lhes uma chefia, uma direc\u00e7\u00e3o, e uma sede. O 107 foi assim germinando entre 81 e 84.<\/p>\n<p style=\"text-align: justify;\">No in\u00edcio de 1982, num m\u00edtico primeiro acampamento na praia da Adraga, em que nevou, juntaram-se novos elementos. Nesse ano recebeu forma\u00e7\u00e3o no campo-escola do PNEC o primeiro chefe de Grupo. Alguns pais constitu\u00edram a direc\u00e7\u00e3o. Encetaram-se negocia\u00e7\u00f5es com a C\u00e2mara Municipal de Cascais para uma sede \u2013 que s\u00f3 chegaria 18 anos mais tarde.<\/p>\n<p style=\"text-align: justify;\">Muito influenciados pelas hist\u00f3rias juvenis escotistas, como o Castelo dos Vendavais e O Pr\u00edncipe Erik, e pelas ilustra\u00e7\u00f5es de Pierre Joubert, os fundadores do grupo procuravam essencialmente um escotismo de aventura. Na \u00e9poca o uniforme da AEP era constitu\u00eddo por camisa azul e cal\u00e7a de fazenda, pouco pr\u00e1tica\u00a0em campo. Em Cascais\u00a0faziam-se desenhos de um uniforme alternativo para uso nos acampamentos, com cal\u00e7\u00e3o e camisa caqui, como nas ilustra\u00e7\u00f5es do Escotismo para Rapazes e nos desenhos de Joubert \u2013 e como a AEP viria a adoptar.<br \/>\n<a href=\"http:\/\/escoteiroscascais.pt\/wp-content\/uploads\/2014\/02\/Ilustra\u00c3\u00a7\u00c3\u00b5es.png\"><img loading=\"lazy\" class=\"aligncenter size-full wp-image-364\" alt=\"Ilustra\u00c3\u00a7\u00c3\u00b5es\" src=\"http:\/\/escoteiroscascais.pt\/wp-content\/uploads\/2014\/02\/Ilustra\u00c3\u00a7\u00c3\u00b5es.png\" width=\"1053\" height=\"300\" srcset=\"https:\/\/escoteiroscascais.pt\/wp-content\/uploads\/2014\/02\/Ilustra\u00c3\u00a7\u00c3\u00b5es.png 1053w, https:\/\/escoteiroscascais.pt\/wp-content\/uploads\/2014\/02\/Ilustra\u00c3\u00a7\u00c3\u00b5es-300x85.png 300w, https:\/\/escoteiroscascais.pt\/wp-content\/uploads\/2014\/02\/Ilustra\u00c3\u00a7\u00c3\u00b5es-1024x291.png 1024w\" sizes=\"(max-width: 1053px) 100vw, 1053px\" \/><\/a><\/p>\n<p style=\"text-align: justify;\">Nas cheias calamitosas do Inverno de 1983. Na primeira manh\u00e3 das cheias, o Grupo em forma\u00e7\u00e3o, que somava j\u00e1 120 elementos, mostrou o que valia. Constituiu-se um piquete permanente, revezando-se por turnos, que apoiou bombeiros, pol\u00edcia e ex\u00e9rcito durante 15 dias.<br \/>\n<a href=\"http:\/\/escoteiroscascais.pt\/wp-content\/uploads\/2014\/02\/946056_10152008924394738_1912793302_n1.jpg\"><img loading=\"lazy\" class=\"aligncenter size-full wp-image-362\" alt=\"946056_10152008924394738_1912793302_n\" src=\"http:\/\/escoteiroscascais.pt\/wp-content\/uploads\/2014\/02\/946056_10152008924394738_1912793302_n1.jpg\" width=\"951\" height=\"498\" srcset=\"https:\/\/escoteiroscascais.pt\/wp-content\/uploads\/2014\/02\/946056_10152008924394738_1912793302_n1.jpg 951w, https:\/\/escoteiroscascais.pt\/wp-content\/uploads\/2014\/02\/946056_10152008924394738_1912793302_n1-300x157.jpg 300w\" sizes=\"(max-width: 951px) 100vw, 951px\" \/><\/a><br \/>\nNos primeiros 17 anos de exist\u00eancia, o grupo lutou por um espa\u00e7o pr\u00f3prio, uma sede onde se pudessem reunir e melhor preparar as suas actividades. Durante esse per\u00edodo de tempo as reuni\u00f5es tiveram lugar no Parque Marechal Carmona, junto \u00e0 Biblioteca Juvenil. Independentemente das condi\u00e7\u00f5es climat\u00e9ricas, todos os s\u00e1bados, rapazes e raparigas faziam dos bancos de jardim, de uma rocha ou de uma \u00e1rvore o seu canto de Patrulha.<\/p>\n<p style=\"text-align: justify;\">A aus\u00eancia de uma sede levou o Grupo a privilegiar as actividades de campo, refor\u00e7ando a suas ra\u00edzes aventureiras e o seu desejo de um escotismo purista, formado no modelo dos bivaques do Escotismo para Rapazes . Entre os grupos da Regi\u00e3o, os membros do 107 tornavam-se conhecidos como \u201cescoteirinhos do mato\u201d, e viviam quase exclusivamente para os raides e acampamentos.<\/p>\n<p style=\"text-align: justify;\">Durante esses anos, e apesar das dificuldades, o grupo nunca deixou de trabalhar, realizou sempre as suas actividades, acampamentos, servi\u00e7os \u00e0 comunidade e de participar de uma maneira geral na vida da comunidade Cascaense.<\/p>\n<p style=\"text-align: justify;\">A atribui\u00e7\u00e3o de uma sede em 2001, instalada no jardim da Praceta Capit\u00e3o Mouzinho de Albuquerque, inicia uma nova era. Os \u00faltimos anos foram marcados por uma aproxima\u00e7\u00e3o a outros grupos, e surgiram as primeiras actividades internacionais.<\/p>\n<p style=\"text-align: justify;\">Um dos exemplos disso foi o Ver\u00e3o de 2003, onde o grupo levou 53 Jovens dos 6 aos 21 anos aos Piren\u00e9us\u00a0em Espanha. Mas\u00a0n\u00e3o foi o \u00fanico, as cores do len\u00e7o do Grupo, verde de esperan\u00e7a e preto de Tenacidade j\u00e1 foram levadas um pouco por todo o mundo, desde a cidade de Katmandu \u00e0 Montanha Atlas, das Pir\u00e2mides de Keops ao Castelo de Lock Ness.<br \/>\n<a href=\"http:\/\/escoteiroscascais.pt\/wp-content\/uploads\/2013\/11\/cropped-Digitalizar00401.jpg\"><img loading=\"lazy\" class=\"aligncenter size-full wp-image-105\" alt=\"cropped-Digitalizar00401.jpg\" src=\"http:\/\/escoteiroscascais.pt\/wp-content\/uploads\/2013\/11\/cropped-Digitalizar00401.jpg\" width=\"1340\" height=\"273\" srcset=\"https:\/\/escoteiroscascais.pt\/wp-content\/uploads\/2013\/11\/cropped-Digitalizar00401.jpg 1340w, https:\/\/escoteiroscascais.pt\/wp-content\/uploads\/2013\/11\/cropped-Digitalizar00401-300x61.jpg 300w, https:\/\/escoteiroscascais.pt\/wp-content\/uploads\/2013\/11\/cropped-Digitalizar00401-1024x208.jpg 1024w\" sizes=\"(max-width: 1340px) 100vw, 1340px\" \/><\/a><br \/>\nActualmente, elementos da chefia do 107 participam activamente em projectos a n\u00edvel regional e nacional. As actividades ligadas \u00e0 protec\u00e7\u00e3o do ambiente e de servi\u00e7o \u00e0 comunidade passaram a fazer parte da rotina do Grupo.<\/p>\n<p style=\"text-align: justify;\">Ap\u00f3s 30 Anos de exist\u00eancia, o Grupo 107 de Cascais continua a ter como maior objectivo, proporcionar a todos os jovens de Cascais uma maneira diferente de estar na vida, ajudando o pr\u00f3ximo e contribuindo assim para um Mundo melhor.<\/p>\n<p><iframe src=\"http:\/\/cdn.knightlab.com\/libs\/timeline\/latest\/embed\/index.html?source=0AvMGZM3KKELOdE9ybUlHVVZFM0ZST3dJQVZVR0J4U3c&amp;font=Bevan-PotanoSans&amp;maptype=watercolor&amp;lang=pt&amp;height=650\" height=\"650\" width=\"100%\" frameborder=\"0\"><\/iframe><\/p>\n<p style=\"text-align: justify;\">Lembras-te de uma actividade do grupo que n\u00e3o est\u00e1 na cronologia do grupo? Preenche o <a title=\"Formul\u00e1rio da cronologia do grupo\" href=\"http:\/\/escoteiroscascais.pt\/?page_id=382\" target=\"_blank\">formul\u00e1rio<\/a> para introduzir novas actividades, e ajuda-nos a relembrar a hist\u00f3ria do grupo.<\/p>\n","protected":false},"excerpt":{"rendered":"<p>A origem do Grupo 107 Cascais da Associa\u00e7\u00e3o de Escoteiros de Portugal (AEP) \u00e9 anterior \u00e0 data da funda\u00e7\u00e3o, em 26 de Fevereiro de 1984, e remonta a finais de 1980, quando um conjunto de jovens, com alguma experi\u00eancia escotista, se re\u00fane em torno do projecto de cria\u00e7\u00e3o do primeiro grupo de escoteiros na vila de Cascais. Numa primeira reuni\u00e3o<\/p>\n","protected":false},"author":1,"featured_media":0,"parent":0,"menu_order":0,"comment_status":"closed","ping_status":"closed","template":"template-fullwidth.php","meta":[],"_links":{"self":[{"href":"https:\/\/escoteiroscascais.pt\/index.php?rest_route=\/wp\/v2\/pages\/13"}],"collection":[{"href":"https:\/\/escoteiroscascais.pt\/index.php?rest_route=\/wp\/v2\/pages"}],"about":[{"href":"https:\/\/escoteiroscascais.pt\/index.php?rest_route=\/wp\/v2\/types\/page"}],"author":[{"embeddable":true,"href":"https:\/\/escoteiroscascais.pt\/index.php?rest_route=\/wp\/v2\/users\/1"}],"replies":[{"embeddable":true,"href":"https:\/\/escoteiroscascais.pt\/index.php?rest_route=%2Fwp%2Fv2%2Fcomments&post=13"}],"version-history":[{"count":22,"href":"https:\/\/escoteiroscascais.pt\/index.php?rest_route=\/wp\/v2\/pages\/13\/revisions"}],"predecessor-version":[{"id":581,"href":"https:\/\/escoteiroscascais.pt\/index.php?rest_route=\/wp\/v2\/pages\/13\/revisions\/581"}],"wp:attachment":[{"href":"https:\/\/escoteiroscascais.pt\/index.php?rest_route=%2Fwp%2Fv2%2Fmedia&parent=13"}],"curies":[{"name":"wp","href":"https:\/\/api.w.org\/{rel}","templated":true}]}}