{"id":16,"date":"2013-11-10T23:28:37","date_gmt":"2013-11-10T23:28:37","guid":{"rendered":"http:\/\/escoteiroscascais.pt\/?page_id=16"},"modified":"2020-11-11T02:17:30","modified_gmt":"2020-11-11T02:17:30","slug":"como-ser-escoteiro","status":"publish","type":"page","link":"https:\/\/escoteiroscascais.pt\/?page_id=16","title":{"rendered":"Como ser escoteiro"},"content":{"rendered":"<p><a href=\"http:\/\/escoteiroscascais.pt\/wp-content\/uploads\/2014\/03\/255212_10151066621724594_863243962_n.jpg\"><img loading=\"lazy\" class=\"alignleft size-full wp-image-558\" src=\"http:\/\/escoteiroscascais.pt\/wp-content\/uploads\/2014\/03\/255212_10151066621724594_863243962_n.jpg\" alt=\"255212_10151066621724594_863243962_n\" width=\"960\" height=\"409\" srcset=\"https:\/\/escoteiroscascais.pt\/wp-content\/uploads\/2014\/03\/255212_10151066621724594_863243962_n.jpg 960w, https:\/\/escoteiroscascais.pt\/wp-content\/uploads\/2014\/03\/255212_10151066621724594_863243962_n-300x127.jpg 300w\" sizes=\"(max-width: 960px) 100vw, 960px\" \/><\/a><\/p>\n<h3>Queres ser Escoteiro no Grupo 107 de Cascais?<\/h3>\n<h6>Condi\u00e7\u00f5es de admiss\u00e3o<\/h6>\n<p>Teres entre 7 e 21 anos de idade, gostares de aventuras e de actividades de ar livre.<\/p>\n<h6>Como te inscreves<\/h6>\n<p>O primeiro passo para te inscreveres \u00e9 preencheres o formul\u00e1rio de pr\u00e9-inscri\u00e7\u00e3o. <strong>Podes preencher <a href=\"https:\/\/forms.gle\/h2QENBYFaSF71CiD6\">AQUI<\/a>.<\/strong><\/p>\n<h6>Lista de espera<\/h6>\n<p>Para ser escoteiro no Grupo 107 \u00e9 necess\u00e1rio que seja feita esta pr\u00e9-inscri\u00e7\u00e3o. A admiss\u00e3o de novos elementos est\u00e1 sujeita a uma lista de espera que atualizamos ao longo do ano.\u00a0A entrada nem sempre ocorre no ato da pr\u00e9-inscri\u00e7\u00e3o, mas assim que houver uma vaga dispon\u00edvel ser\u00e1s contactado. Se tiveres alguma d\u00favida envia um email para <span style=\"color: #0000ff;\">grupo107@escoteiros.pt <\/span>.<\/p>\n<h6>Actividades<\/h6>\n<p style=\"text-align: justify;\">O Grupo 107 de Cascais, tem actividades todas as semanas, aos s\u00e1bados \u00e0 tarde entre as 15h e as 18h30, chamamos-lhes Reuni\u00f5es de Grupo. Depois de entrares para o grupo contamos contigo todas as semanas.<\/p>\n<p style=\"text-align: justify;\">Para al\u00e9m das reuni\u00f5es de grupo, cada divis\u00e3o tem outras actividades, que podem ser de um ou dois dias (durante os fins de semana) ou actividades maiores (durante os per\u00edodos de f\u00e9rias escolares). O calend\u00e1rio destas actividades \u00e9-te dado pelo teu chefe e divulgado no nosso site de 4 em 4 meses (podes ver um exemplo <a href=\"http:\/\/escoteiroscascais.pt\/?page_id=183\">aqui<\/a>). O custo destas actividades variam (dependendo das despesas de alimenta\u00e7\u00e3o, transporte, material, etc&#8230;).<\/p>\n<h6>Uniforme<\/h6>\n<p style=\"text-align: justify;\">O uniforme ou farda de Escoteiro pode ser comprada na nossa sede, no entanto n\u00e3o necessitas de a adquirir at\u00e9 completares um m\u00eas no grupo.<\/p>\n<h6>Quota Anual<\/h6>\n<p style=\"text-align: justify;\">No grupo 107 de cascais n\u00e3o cobramos nenhuma mensalidade, cobramos sim uma quota anual que serve para cobrir a inscri\u00e7\u00e3o na Associa\u00e7\u00e3o dos Escoteiros de Portugal, o seguro de acidentes pessoais e as despesas de manuten\u00e7\u00e3o.<\/p>\n<p style=\"text-align: justify;\">Esta quota \u00e9 paga todos os anos durante o m\u00eas de Novembro (para as despesas e seguro do ano seguinte).<\/p>\n<p style=\"text-align: justify;\">Os novos elementos s\u00f3 precisam de pagar a quota anual, ap\u00f3s o primeiro m\u00eas.<\/p>\n<h3>N\u00e3o \u00e9s de Cascais, mas queres ser escoteiro?<\/h3>\n<p style=\"text-align: justify;\">N\u00e3o h\u00e1 problema, existem Grupos de Escoteiros espalhados por todo o pa\u00eds, certamente encontrar\u00e1s um perto de ti. Contacta a Associa\u00e7\u00e3o dos Escoteiros de Portugal atrav\u00e9s do seguinte <a href=\"http:\/\/www.escoteiros.pt\/new_site\/form-Pre_Inscricao_nos_Escoteiros-6-0-9\" target=\"_blank\" rel=\"noopener noreferrer\">formul\u00e1rio<\/a>.<\/p>\n","protected":false},"excerpt":{"rendered":"<p>Queres ser Escoteiro no Grupo 107 de Cascais? Condi\u00e7\u00f5es de admiss\u00e3o Teres entre 7 e 21 anos de idade, gostares de aventuras e de actividades de ar livre. Como te inscreves O primeiro passo para te inscreveres \u00e9 preencheres o formul\u00e1rio de pr\u00e9-inscri\u00e7\u00e3o. Podes preencher AQUI. Lista de espera Para ser escoteiro no Grupo 107 \u00e9 necess\u00e1rio que seja feita<\/p>\n","protected":false},"author":1,"featured_media":0,"parent":0,"menu_order":0,"comment_status":"closed","ping_status":"open","template":"template-fullwidth.php","meta":[],"_links":{"self":[{"href":"https:\/\/escoteiroscascais.pt\/index.php?rest_route=\/wp\/v2\/pages\/16"}],"collection":[{"href":"https:\/\/escoteiroscascais.pt\/index.php?rest_route=\/wp\/v2\/pages"}],"about":[{"href":"https:\/\/escoteiroscascais.pt\/index.php?rest_route=\/wp\/v2\/types\/page"}],"author":[{"embeddable":true,"href":"https:\/\/escoteiroscascais.pt\/index.php?rest_route=\/wp\/v2\/users\/1"}],"replies":[{"embeddable":true,"href":"https:\/\/escoteiroscascais.pt\/index.php?rest_route=%2Fwp%2Fv2%2Fcomments&post=16"}],"version-history":[{"count":16,"href":"https:\/\/escoteiroscascais.pt\/index.php?rest_route=\/wp\/v2\/pages\/16\/revisions"}],"predecessor-version":[{"id":2675,"href":"https:\/\/escoteiroscascais.pt\/index.php?rest_route=\/wp\/v2\/pages\/16\/revisions\/2675"}],"wp:attachment":[{"href":"https:\/\/escoteiroscascais.pt\/index.php?rest_route=%2Fwp%2Fv2%2Fmedia&parent=16"}],"curies":[{"name":"wp","href":"https:\/\/api.w.org\/{rel}","templated":true}]}}