{"id":183,"date":"2014-01-24T15:07:21","date_gmt":"2014-01-24T15:07:21","guid":{"rendered":"http:\/\/escoteiroscascais.pt\/?page_id=183"},"modified":"2024-05-21T07:21:51","modified_gmt":"2024-05-21T07:21:51","slug":"plano-de-actividades-2","status":"publish","type":"page","link":"https:\/\/escoteiroscascais.pt\/?page_id=183","title":{"rendered":"Plano de Actividades"},"content":{"rendered":"\n<p><\/p>\n\n\n<h2>Plano de Atividades Quadrimestral<\/h2>\n<p>Ol\u00e1 a todos !<\/p>\n<p>Enviamos o plano quadrimestral, onde podem consultar as v\u00e1rias atividades at\u00e9 ao final de dezembro. As datas e hor\u00e1rio s\u00e3o enviadas todas as semanas como temos feito at\u00e9 agora.<\/p>\n<p><a href=\"http:\/\/escoteiroscascais.pt\/wp-content\/uploads\/2023\/10\/Plano-1\u00b0-Qudrimestre-20232024.pdf\">PQ-I- 2023_2024- Tribo-Escoteiros<\/a><\/p>\n\n\n<div class=\"wp-block-file\"><a href=\"http:\/\/escoteiroscascais.pt\/wp-content\/uploads\/2024\/02\/PQ-II-2023_2024-Tribo-Escoteiros-JOVENS_protected-1.pdf\">PQ-II-2023_2024-Tribo-Escoteiros<\/a><a href=\"http:\/\/escoteiroscascais.pt\/wp-content\/uploads\/2024\/02\/PQ-II-2023_2024-Tribo-Escoteiros-JOVENS_protected-1.pdf\" class=\"wp-block-file__button\" download>Baixar<\/a><\/div>\n\n\n\n<div class=\"wp-block-file\"><a href=\"http:\/\/escoteiroscascais.pt\/wp-content\/uploads\/2024\/05\/PQ-III-2023_2024-Tribo-Escoteiros-Jovens.pdf\">PQ-III-2023_2024-Tribo Escoteiros<\/a><a href=\"http:\/\/escoteiroscascais.pt\/wp-content\/uploads\/2024\/05\/PQ-III-2023_2024-Tribo-Escoteiros-Jovens.pdf\" class=\"wp-block-file__button\" download>Baixar<\/a><\/div>\n\n\n\n<p><\/p>\n","protected":false},"excerpt":{"rendered":"<p>Plano de Atividades Quadrimestral Ol\u00e1 a todos ! Enviamos o plano quadrimestral, onde podem consultar as v\u00e1rias atividades at\u00e9 ao final de dezembro. As datas e hor\u00e1rio s\u00e3o enviadas todas as semanas como temos feito at\u00e9 agora. PQ-I- 2023_2024- Tribo-Escoteiros<\/p>\n","protected":false},"author":1,"featured_media":0,"parent":59,"menu_order":2,"comment_status":"closed","ping_status":"open","template":"template-fullwidth.php","meta":[],"_links":{"self":[{"href":"https:\/\/escoteiroscascais.pt\/index.php?rest_route=\/wp\/v2\/pages\/183"}],"collection":[{"href":"https:\/\/escoteiroscascais.pt\/index.php?rest_route=\/wp\/v2\/pages"}],"about":[{"href":"https:\/\/escoteiroscascais.pt\/index.php?rest_route=\/wp\/v2\/types\/page"}],"author":[{"embeddable":true,"href":"https:\/\/escoteiroscascais.pt\/index.php?rest_route=\/wp\/v2\/users\/1"}],"replies":[{"embeddable":true,"href":"https:\/\/escoteiroscascais.pt\/index.php?rest_route=%2Fwp%2Fv2%2Fcomments&post=183"}],"version-history":[{"count":55,"href":"https:\/\/escoteiroscascais.pt\/index.php?rest_route=\/wp\/v2\/pages\/183\/revisions"}],"predecessor-version":[{"id":3414,"href":"https:\/\/escoteiroscascais.pt\/index.php?rest_route=\/wp\/v2\/pages\/183\/revisions\/3414"}],"up":[{"embeddable":true,"href":"https:\/\/escoteiroscascais.pt\/index.php?rest_route=\/wp\/v2\/pages\/59"}],"wp:attachment":[{"href":"https:\/\/escoteiroscascais.pt\/index.php?rest_route=%2Fwp%2Fv2%2Fmedia&parent=183"}],"curies":[{"name":"wp","href":"https:\/\/api.w.org\/{rel}","templated":true}]}}