{"id":207,"date":"2014-01-29T11:53:46","date_gmt":"2014-01-29T11:53:46","guid":{"rendered":"http:\/\/escoteiroscascais.pt\/?page_id=207"},"modified":"2025-03-22T14:29:27","modified_gmt":"2025-03-22T14:29:27","slug":"inter-patrulhas","status":"publish","type":"page","link":"https:\/\/escoteiroscascais.pt\/?page_id=207","title":{"rendered":"Inter-Patrulhas"},"content":{"rendered":"<h3><strong>INTER-PATRULHAS <\/strong><\/h3>\n<p><strong>Atualizado:<\/strong> 22 de Mar\u00e7o<\/p>\n<p>\u00a0<\/p>\n<table dir=\"ltr\" style=\"height: 147px;\" border=\"1\" width=\"479\" cellspacing=\"0\" cellpadding=\"0\" data-sheets-root=\"1\" data-sheets-baot=\"1\"><colgroup> <col width=\"158\" \/> <col width=\"112\" \/> <col width=\"100\" \/><\/colgroup>\n<tbody>\n<tr>\n<td>Patrulha Hiena<\/td>\n<td colspan=\"2\" rowspan=\"1\">319<\/td>\n<\/tr>\n<tr>\n<td>Patrulha Jacar\u00e9<\/td>\n<td colspan=\"2\" rowspan=\"1\">355<\/td>\n<\/tr>\n<tr>\n<td>Patrulha Falc\u00e3o<\/td>\n<td colspan=\"2\" rowspan=\"1\">369<\/td>\n<\/tr>\n<tr>\n<td>Patrulha Pav\u00e3o<\/td>\n<td colspan=\"2\" rowspan=\"1\">294<\/td>\n<\/tr>\n<\/tbody>\n<\/table>\n<h5>\u00a0<\/h5>\n<h2><b>Pontua\u00e7\u00e3o para Inter Patrulhas\u00a0<\/b><\/h2>\n<h3><b>Jogos e Desafios Pequenos: <\/b><span style=\"font-weight: 400;\">10 at\u00e9 30 pontos\u00a0<\/span><\/h3>\n<h3><b>Compromisso de Honra: <\/b><span style=\"font-weight: 400;\">30 pontos\u00a0<\/span><\/h3>\n<h3><b>Provas de integra\u00e7\u00e3o: <\/b><span style=\"font-weight: 400;\">50 pontos\u00a0<\/span><\/h3>\n<h3><b>1 Etapa: <\/b><span style=\"font-weight: 400;\">30 pontos\u00a0<\/span><\/h3>\n<h3><b>Perder o Totem: &#8211;<\/b><span style=\"font-weight: 400;\">5 pontos\u00a0<\/span><\/h3>\n<h3><b>Perder o Canto: <\/b><span style=\"font-weight: 400;\">-20 pontos\u00a0<\/span><\/h3>\n<h3><b>Primeiros e Segundos a Montar\/Desmontar Campo:<\/b><span style=\"font-weight: 400;\"> 5 e 2.5 pontos<\/span><\/h3>\n<h3><b>Planos de Atividade\/Angaria\u00e7\u00e3o Bem Feitos e Entregues a Tempo: <\/b><span style=\"font-weight: 400;\">15 pontos\u00a0<\/span><\/h3>\n<h3><b>Cantos: Pontua\u00e7\u00e3o baseada na qualidade geral <\/b><span style=\"font-weight: 400;\">(m\u00e1x. 30 ou -50 pontos)\u00a0<\/span><\/h3>\n<h3><b>N\u00e3o vir bem fardado: Pontua\u00e7\u00e3o baseada na qualidade geral (<\/b><span style=\"font-weight: 400;\">m\u00e1x. -15 pontos)\u00a0<\/span><\/h3>\n<h3><b>Trazer Totem \/ N\u00e3o trazer: <\/b><span style=\"font-weight: 400;\">5 \/ -2.5 pontos<\/span><\/h3>\n<h3><b>Regra de Presen\u00e7a e Pontualidade\u00a0<\/b><\/h3>\n<h3><b>Falta injustificada: <\/b><span style=\"font-weight: 400;\">-10 pontos por pessoa<\/span><\/h3>\n<h3><span style=\"font-weight: 400;\">\u00a0<\/span><b>Falta justificada:\u00a0 <\/b><span style=\"font-weight: 400;\">-2.5 pontos por pessoa<\/span><\/h3>\n<h3><b>Atrasos (mais de 10 minutos): <\/b><span style=\"font-weight: 400;\">-5 pontos por membro atrasado\u00a0<\/span><\/h3>\n<h3><b>Presen\u00e7a: <\/b><span style=\"font-weight: 400;\">15<\/span><\/h3>\n<p>CHEFES PODEM DAR OU TIRAR PONTOS POR COISAS QUE N\u00c3O EST\u00c3O AQUI ESCRITAS\u00a0<\/p>\n<p>*Os jogos e atividades de m\u00edstica podem valer muitos mais pontos.<\/p>\n<p>\u00a0<\/p>\n<h5 style=\"text-align: center;\">Basta clicar para aceder as seguintes cadernetas:<\/h5>\n<h5 style=\"text-align: center;\"><strong><a href=\"http:\/\/escoteiroscascais.pt\/wp-content\/uploads\/2014\/10\/237.pdf\">Caderneta de Progresso<\/a><\/strong><\/h5>\n<h5 style=\"text-align: center;\"><strong><a href=\"http:\/\/escoteiroscascais.pt\/wp-content\/uploads\/2014\/10\/185.pdf\">Caderneta de especialidade<\/a><\/strong><\/h5>\n\n\n<p><\/p>\n","protected":false},"excerpt":{"rendered":"<p>INTER-PATRULHAS Atualizado: 22 de Mar\u00e7o \u00a0 Patrulha Hiena 319 Patrulha Jacar\u00e9 355 Patrulha Falc\u00e3o 369 Patrulha Pav\u00e3o 294 \u00a0 Pontua\u00e7\u00e3o para Inter Patrulhas\u00a0 Jogos e Desafios Pequenos: 10 at\u00e9 30 pontos\u00a0 Compromisso de Honra: 30 pontos\u00a0 Provas de integra\u00e7\u00e3o: 50 pontos\u00a0 1 Etapa: 30 pontos\u00a0 Perder o Totem: &#8211;5 pontos\u00a0 Perder o Canto: -20 pontos\u00a0 Primeiros e Segundos a Montar\/Desmontar<\/p>\n","protected":false},"author":1,"featured_media":0,"parent":59,"menu_order":0,"comment_status":"closed","ping_status":"open","template":"template-fullwidth.php","meta":[],"_links":{"self":[{"href":"https:\/\/escoteiroscascais.pt\/index.php?rest_route=\/wp\/v2\/pages\/207"}],"collection":[{"href":"https:\/\/escoteiroscascais.pt\/index.php?rest_route=\/wp\/v2\/pages"}],"about":[{"href":"https:\/\/escoteiroscascais.pt\/index.php?rest_route=\/wp\/v2\/types\/page"}],"author":[{"embeddable":true,"href":"https:\/\/escoteiroscascais.pt\/index.php?rest_route=\/wp\/v2\/users\/1"}],"replies":[{"embeddable":true,"href":"https:\/\/escoteiroscascais.pt\/index.php?rest_route=%2Fwp%2Fv2%2Fcomments&post=207"}],"version-history":[{"count":160,"href":"https:\/\/escoteiroscascais.pt\/index.php?rest_route=\/wp\/v2\/pages\/207\/revisions"}],"predecessor-version":[{"id":3539,"href":"https:\/\/escoteiroscascais.pt\/index.php?rest_route=\/wp\/v2\/pages\/207\/revisions\/3539"}],"up":[{"embeddable":true,"href":"https:\/\/escoteiroscascais.pt\/index.php?rest_route=\/wp\/v2\/pages\/59"}],"wp:attachment":[{"href":"https:\/\/escoteiroscascais.pt\/index.php?rest_route=%2Fwp%2Fv2%2Fmedia&parent=207"}],"curies":[{"name":"wp","href":"https:\/\/api.w.org\/{rel}","templated":true}]}}