{"id":314,"date":"2014-02-14T19:11:24","date_gmt":"2014-02-14T19:11:24","guid":{"rendered":"http:\/\/escoteiroscascais.pt\/?page_id=314"},"modified":"2014-02-19T23:41:03","modified_gmt":"2014-02-19T23:41:03","slug":"timeline","status":"publish","type":"page","link":"https:\/\/escoteiroscascais.pt\/?page_id=314","title":{"rendered":"Cronologia do grupo"},"content":{"rendered":"<p><iframe src=\"http:\/\/cdn.knightlab.com\/libs\/timeline\/latest\/embed\/index.html?source=0AvMGZM3KKELOdE9ybUlHVVZFM0ZST3dJQVZVR0J4U3c&amp;font=Bevan-PotanoSans&amp;maptype=watercolor&amp;lang=pt&amp;height=650\" height=\"650\" width=\"100%\" frameborder=\"0\"><\/iframe><\/p>\n<p>Lembras-te de uma actividade do grupo que n\u00e3o est\u00e1 na cronologia do grupo? Preenche o <a href=\"http:\/\/escoteiroscascais.pt\/?page_id=382\" title=\"Formul\u00e1rio da cronologia do grupo\" target=\"_blank\">formul\u00e1rio<\/a> para introduzir novas actividades, e ajuda-nos a relembrar a hist\u00f3ria do grupo.<\/p>\n","protected":false},"excerpt":{"rendered":"<p>Lembras-te de uma actividade do grupo que n\u00e3o est\u00e1 na cronologia do grupo? Preenche o formul\u00e1rio para introduzir novas actividades, e ajuda-nos a relembrar a hist\u00f3ria do grupo.<\/p>\n","protected":false},"author":1,"featured_media":0,"parent":49,"menu_order":0,"comment_status":"closed","ping_status":"open","template":"template-fullwidth.php","meta":[],"_links":{"self":[{"href":"https:\/\/escoteiroscascais.pt\/index.php?rest_route=\/wp\/v2\/pages\/314"}],"collection":[{"href":"https:\/\/escoteiroscascais.pt\/index.php?rest_route=\/wp\/v2\/pages"}],"about":[{"href":"https:\/\/escoteiroscascais.pt\/index.php?rest_route=\/wp\/v2\/types\/page"}],"author":[{"embeddable":true,"href":"https:\/\/escoteiroscascais.pt\/index.php?rest_route=\/wp\/v2\/users\/1"}],"replies":[{"embeddable":true,"href":"https:\/\/escoteiroscascais.pt\/index.php?rest_route=%2Fwp%2Fv2%2Fcomments&post=314"}],"version-history":[{"count":20,"href":"https:\/\/escoteiroscascais.pt\/index.php?rest_route=\/wp\/v2\/pages\/314\/revisions"}],"predecessor-version":[{"id":387,"href":"https:\/\/escoteiroscascais.pt\/index.php?rest_route=\/wp\/v2\/pages\/314\/revisions\/387"}],"up":[{"embeddable":true,"href":"https:\/\/escoteiroscascais.pt\/index.php?rest_route=\/wp\/v2\/pages\/49"}],"wp:attachment":[{"href":"https:\/\/escoteiroscascais.pt\/index.php?rest_route=%2Fwp%2Fv2%2Fmedia&parent=314"}],"curies":[{"name":"wp","href":"https:\/\/api.w.org\/{rel}","templated":true}]}}