{"id":49,"date":"2013-11-21T23:34:39","date_gmt":"2013-11-21T23:34:39","guid":{"rendered":"http:\/\/escoteiroscascais.pt\/?page_id=49"},"modified":"2014-02-18T14:42:54","modified_gmt":"2014-02-18T14:42:54","slug":"sobre-nos","status":"publish","type":"page","link":"https:\/\/escoteiroscascais.pt\/?page_id=49","title":{"rendered":"Sobre n\u00f3s"},"content":{"rendered":"<h3>Escoteiros de Portugal<\/h3>\n<p> &#8211; Conhece um pouco da historia da Associa\u00e7\u00e3o de Escoteiros de Portugal (AEP). <\/p>\n<h6><a href=\"http:\/\/escoteiroscascais.pt\/?page_id=11\" title=\"Escoteiros de Portugal\">Ver mais<\/a><\/h6>\n<h3>Grupo 107<\/h3>\n<p> &#8211; A origem do Grupo 107 Cascais da Associa\u00e7\u00e3o de Escoteiros de Portugal (AEP) . <\/p>\n<h6><a href=\"http:\/\/escoteiroscascais.pt\/?page_id=13\" title=\"O grupo 107\">Ver mais<\/a><\/h6>\n<h3>Time Line<\/h3>\n<p> &#8211; Recorda actividades do Grupo 107 <\/p>\n<h6><a href=\"http:\/\/escoteiroscascais.pt\/?page_id=314\" title=\"Fita do tempo\">Ver mais<\/a><\/h6>\n<h3>Como ser Escoteiro107<\/h3>\n<p> &#8211; Queres saber como podes ser escoteiro? Ent\u00e3o clica no ver mais.<\/p>\n<h6><a href=\"http:\/\/escoteiroscascais.pt\/?page_id=16\" title=\"Como ser escoteiro\">Ver mais<\/a><\/h6>\n<ul>\n<h3>Contactos<\/h3>\n<p> &#8211; aqui podes conhecer os nossos contactos e localiaza\u00e7\u00e3o<\/p>\n<h6><a href=\"http:\/\/escoteiroscascais.pt\/?page_id=8\" title=\"Contactos\">Ver mais<\/a><\/h6>\n<ul>\n","protected":false},"excerpt":{"rendered":"<p>Escoteiros de Portugal &#8211; Conhece um pouco da historia da Associa\u00e7\u00e3o de Escoteiros de Portugal (AEP). Ver mais Grupo 107 &#8211; A origem do Grupo 107 Cascais da Associa\u00e7\u00e3o de Escoteiros de Portugal (AEP) . Ver mais Time Line &#8211; Recorda actividades do Grupo 107 Ver mais Como ser Escoteiro107 &#8211; Queres saber como podes ser escoteiro? Ent\u00e3o clica no<\/p>\n","protected":false},"author":1,"featured_media":0,"parent":0,"menu_order":0,"comment_status":"closed","ping_status":"closed","template":"","meta":[],"_links":{"self":[{"href":"https:\/\/escoteiroscascais.pt\/index.php?rest_route=\/wp\/v2\/pages\/49"}],"collection":[{"href":"https:\/\/escoteiroscascais.pt\/index.php?rest_route=\/wp\/v2\/pages"}],"about":[{"href":"https:\/\/escoteiroscascais.pt\/index.php?rest_route=\/wp\/v2\/types\/page"}],"author":[{"embeddable":true,"href":"https:\/\/escoteiroscascais.pt\/index.php?rest_route=\/wp\/v2\/users\/1"}],"replies":[{"embeddable":true,"href":"https:\/\/escoteiroscascais.pt\/index.php?rest_route=%2Fwp%2Fv2%2Fcomments&post=49"}],"version-history":[{"count":7,"href":"https:\/\/escoteiroscascais.pt\/index.php?rest_route=\/wp\/v2\/pages\/49\/revisions"}],"predecessor-version":[{"id":346,"href":"https:\/\/escoteiroscascais.pt\/index.php?rest_route=\/wp\/v2\/pages\/49\/revisions\/346"}],"wp:attachment":[{"href":"https:\/\/escoteiroscascais.pt\/index.php?rest_route=%2Fwp%2Fv2%2Fmedia&parent=49"}],"curies":[{"name":"wp","href":"https:\/\/api.w.org\/{rel}","templated":true}]}}