{"id":57,"date":"2013-11-21T23:46:25","date_gmt":"2013-11-21T23:46:25","guid":{"rendered":"http:\/\/escoteiroscascais.pt\/?page_id=57"},"modified":"2015-09-05T12:24:23","modified_gmt":"2015-09-05T12:24:23","slug":"alcateia","status":"publish","type":"page","link":"https:\/\/escoteiroscascais.pt\/?page_id=57","title":{"rendered":"Alcateia"},"content":{"rendered":"<h3><a href=\"http:\/\/escoteiroscascais.pt\/wp-content\/uploads\/2013\/11\/alcateia.jpg\"><img loading=\"lazy\" class=\"alignleft size-full wp-image-1571\" src=\"http:\/\/escoteiroscascais.pt\/wp-content\/uploads\/2013\/11\/alcateia.jpg\" alt=\"alcateia\" width=\"3324\" height=\"792\" srcset=\"https:\/\/escoteiroscascais.pt\/wp-content\/uploads\/2013\/11\/alcateia.jpg 3324w, https:\/\/escoteiroscascais.pt\/wp-content\/uploads\/2013\/11\/alcateia-300x71.jpg 300w, https:\/\/escoteiroscascais.pt\/wp-content\/uploads\/2013\/11\/alcateia-1024x243.jpg 1024w\" sizes=\"(max-width: 3324px) 100vw, 3324px\" \/><\/a><\/h3>\n<h3><\/h3>\n<h3>Funcionamento da Divis\u00e3o<\/h3>\n<p style=\"text-align: justify;\">A alcateia \u00e9 uma divis\u00e3o constitu\u00edda por jovens com idades compreendidas entre 7 e os 11. Os elementos da divis\u00e3o est\u00e3o divididos em bandos, s\u00e3o entre 4 a 6 elementos, dos dois g\u00e9neros, sendo que os bandos s\u00e3o somente utilizados para fins organizacionais, mantendo sempre a ideia da alcateia como um grande grupo. \u00c9 conhecida como a \u201cfam\u00edlia feliz\u201d, pretendendo assim criar um ambiente familiar e n\u00e3o competitivo, contribuindo para a educa\u00e7\u00e3o dos jovens.<\/p>\n<h3>M\u00edstica e S\u00edmbolos<\/h3>\n<p style=\"text-align: justify;\">A Alcateia tem como m\u00edstica a Hist\u00f3ria da Selva, de Rudyard Kipling, na qual h\u00e1 uma alcateia que educa e assiste ao crescimento de um rapaz que foi encontrado ainda beb\u00e9 na selva, o Maugli. No \u00e2mbito da m\u00edstica os lobitos escolhem um nome da selva, pelo qual ser\u00e3o chamados enquanto pertencerem \u00e0 divis\u00e3o. O principal s\u00edmbolo representativo da divis\u00e3o \u00e9 um totem, composto por uma cabe\u00e7a de um lobo e a cor da divis\u00e3o \u00e9 o amarelo.<\/p>\n<h3>Progresso Pessoal<\/h3>\n<p style=\"text-align: justify;\">As crian\u00e7as que entram na divis\u00e3o s\u00e3o conhecidas como \u201clobito pata-tenra\u201d, ou seja, t\u00eam de aprender a lei e as m\u00e1ximas da selva e para que possam ser considerados como \u201clobitos\u201d \u2013 sempre alusivo \u00e0 Hist\u00f3ria do Livro da Selva. Depois de completa a 1\u00aa estrela, passam para a 2\u00aa estrela e posteriormente \u201cLobito Alerta\u201d. Ao longo do progresso t\u00eam tamb\u00e9m a possibilidade de realizar especialidades, conjunto de desafios alusivos a uma \u00e1rea espec\u00edfica, sendo estas: desporto, artes, vida de campo, entre outras. \u00c0 medida que v\u00e3o realizando o progresso, os desafios t\u00eam um grau de dificuldade superior para que os lobitos possam ter desafios \u00e0 altura do seu desenvolvimento f\u00edsico, intelectual, espiritual e s\u00f3cio-afectivo.<\/p>\n<p style=\"text-align: center;\"><a href=\"http:\/\/escoteiroscascais.pt\/?cat=13\">Noticias<\/a> &#8211; <a href=\"http:\/\/escoteiroscascais.pt\/?cat=8\">Avisos<\/a> &#8211; <a href=\"http:\/\/escoteiroscascais.pt\/?page_id=131\">Plano de Actividades<\/a><\/p>\n","protected":false},"excerpt":{"rendered":"<p>Funcionamento da Divis\u00e3o A alcateia \u00e9 uma divis\u00e3o constitu\u00edda por jovens com idades compreendidas entre 7 e os 11. Os elementos da divis\u00e3o est\u00e3o divididos em bandos, s\u00e3o entre 4 a 6 elementos, dos dois g\u00e9neros, sendo que os bandos s\u00e3o somente utilizados para fins organizacionais, mantendo sempre a ideia da alcateia como um grande grupo. \u00c9 conhecida como a<\/p>\n","protected":false},"author":1,"featured_media":0,"parent":47,"menu_order":0,"comment_status":"closed","ping_status":"closed","template":"","meta":[],"_links":{"self":[{"href":"https:\/\/escoteiroscascais.pt\/index.php?rest_route=\/wp\/v2\/pages\/57"}],"collection":[{"href":"https:\/\/escoteiroscascais.pt\/index.php?rest_route=\/wp\/v2\/pages"}],"about":[{"href":"https:\/\/escoteiroscascais.pt\/index.php?rest_route=\/wp\/v2\/types\/page"}],"author":[{"embeddable":true,"href":"https:\/\/escoteiroscascais.pt\/index.php?rest_route=\/wp\/v2\/users\/1"}],"replies":[{"embeddable":true,"href":"https:\/\/escoteiroscascais.pt\/index.php?rest_route=%2Fwp%2Fv2%2Fcomments&post=57"}],"version-history":[{"count":6,"href":"https:\/\/escoteiroscascais.pt\/index.php?rest_route=\/wp\/v2\/pages\/57\/revisions"}],"predecessor-version":[{"id":578,"href":"https:\/\/escoteiroscascais.pt\/index.php?rest_route=\/wp\/v2\/pages\/57\/revisions\/578"}],"up":[{"embeddable":true,"href":"https:\/\/escoteiroscascais.pt\/index.php?rest_route=\/wp\/v2\/pages\/47"}],"wp:attachment":[{"href":"https:\/\/escoteiroscascais.pt\/index.php?rest_route=%2Fwp%2Fv2%2Fmedia&parent=57"}],"curies":[{"name":"wp","href":"https:\/\/api.w.org\/{rel}","templated":true}]}}