{"id":62,"date":"2013-11-21T23:48:38","date_gmt":"2013-11-21T23:48:38","guid":{"rendered":"http:\/\/escoteiroscascais.pt\/?page_id=62"},"modified":"2014-10-12T14:00:40","modified_gmt":"2014-10-12T14:00:40","slug":"tribo-de-exploradores","status":"publish","type":"page","link":"https:\/\/escoteiroscascais.pt\/?page_id=62","title":{"rendered":"Tribo de Exploradores"},"content":{"rendered":"<h3>Funcionamento da Divis\u00e3o<\/h3>\n<p style=\"text-align: justify;\">Fazem parte da Tribo de Exploradores todos escoteiros com idades compreendidas entre os 14 e os 17 anos. Est\u00e3o divididos em pequenos grupos, as Patrulhas que se dividem por g\u00e9neros, s\u00e3o constitu\u00eddas por 4 a 8 elementos. Cada um destes elementos tem um cargo espec\u00edfico que ir\u00e1 ajudar no bom funcionamento da Patrulha.<br \/>\nEsta \u00e9 uma divis\u00e3o que \u00e9 caracterizada pelas suas arrojadas actividades onde desafios encontram sempre novos desafios.<\/p>\n<h3>M\u00edstica e S\u00edmbolos<\/h3>\n<p style=\"text-align: justify;\">In progress&#8230;<\/p>\n<h3>Progresso Pessoal<\/h3>\n<p style=\"text-align: justify;\">Tal como em qualquer outra divis\u00e3o os exploradores tem um conjunto de provas que de modo a procurarem ganhar novos conhecimentos e poderem progredir. Estes conhecimentos fazem parte de uma caderneta de provas dividida em 3 etapas e v\u00e1rias especialidades. \u00c9 pela capacidade de realizarem estas etapas e a forma como aprofundam certos conhecimentos que v\u00e3o ganhado distintivos espec\u00edficos. A acumula\u00e7\u00e3o destes conhecimentos torna-os \u00fanicos perante os seus pares podendo ser mentores de outros mais novos que pretendam enveredar pelos mesmos conhecimentos.<\/p>\n<p style=\"text-align: center;\"><a href=\"http:\/\/escoteiroscascais.pt\/?page_id=211\">Noticias <\/a>&#8211; <a href=\"http:\/\/escoteiroscascais.pt\/?page_id=203\">Avisos<\/a> &#8211; <a href=\"http:\/\/escoteiroscascais.pt\/?page_id=209\">Inter-Patrulhas<\/a> &#8211; <a href=\"http:\/\/escoteiroscascais.pt\/?page_id=213\">Plano de Actividades<\/a><\/p>\n","protected":false},"excerpt":{"rendered":"<p>Funcionamento da Divis\u00e3o Fazem parte da Tribo de Exploradores todos escoteiros com idades compreendidas entre os 14 e os 17 anos. Est\u00e3o divididos em pequenos grupos, as Patrulhas que se dividem por g\u00e9neros, s\u00e3o constitu\u00eddas por 4 a 8 elementos. Cada um destes elementos tem um cargo espec\u00edfico que ir\u00e1 ajudar no bom funcionamento da Patrulha. Esta \u00e9 uma divis\u00e3o<\/p>\n","protected":false},"author":1,"featured_media":0,"parent":47,"menu_order":0,"comment_status":"closed","ping_status":"closed","template":"","meta":[],"_links":{"self":[{"href":"https:\/\/escoteiroscascais.pt\/index.php?rest_route=\/wp\/v2\/pages\/62"}],"collection":[{"href":"https:\/\/escoteiroscascais.pt\/index.php?rest_route=\/wp\/v2\/pages"}],"about":[{"href":"https:\/\/escoteiroscascais.pt\/index.php?rest_route=\/wp\/v2\/types\/page"}],"author":[{"embeddable":true,"href":"https:\/\/escoteiroscascais.pt\/index.php?rest_route=\/wp\/v2\/users\/1"}],"replies":[{"embeddable":true,"href":"https:\/\/escoteiroscascais.pt\/index.php?rest_route=%2Fwp%2Fv2%2Fcomments&post=62"}],"version-history":[{"count":9,"href":"https:\/\/escoteiroscascais.pt\/index.php?rest_route=\/wp\/v2\/pages\/62\/revisions"}],"predecessor-version":[{"id":932,"href":"https:\/\/escoteiroscascais.pt\/index.php?rest_route=\/wp\/v2\/pages\/62\/revisions\/932"}],"up":[{"embeddable":true,"href":"https:\/\/escoteiroscascais.pt\/index.php?rest_route=\/wp\/v2\/pages\/47"}],"wp:attachment":[{"href":"https:\/\/escoteiroscascais.pt\/index.php?rest_route=%2Fwp%2Fv2%2Fmedia&parent=62"}],"curies":[{"name":"wp","href":"https:\/\/api.w.org\/{rel}","templated":true}]}}